{"id":7,"date":"2025-10-10T02:11:07","date_gmt":"2025-10-10T02:11:07","guid":{"rendered":"https:\/\/arturotorresmoreno.com\/?page_id=7"},"modified":"2025-10-10T19:28:18","modified_gmt":"2025-10-10T19:28:18","slug":"home","status":"publish","type":"page","link":"https:\/\/arturotorresmoreno.com\/","title":{"rendered":"Home"},"content":{"rendered":"\t\t<div data-elementor-type=\"wp-page\" data-elementor-id=\"7\" class=\"elementor elementor-7\" data-elementor-post-type=\"page\">\n\t\t\t\t<div class=\"elementor-element elementor-element-7955a14c e-flex e-con-boxed e-con e-parent\" data-id=\"7955a14c\" data-element_type=\"container\" data-settings=\"{&quot;background_background&quot;:&quot;classic&quot;}\">\n\t\t\t\t\t<div class=\"e-con-inner\">\n\t\t<div class=\"elementor-element elementor-element-5669acf9 e-flex e-con-boxed e-con e-child\" data-id=\"5669acf9\" data-element_type=\"container\">\n\t\t\t\t\t<div class=\"e-con-inner\">\n\t\t<div class=\"elementor-element elementor-element-2493ffbb e-con-full e-flex elementor-invisible e-con e-child\" data-id=\"2493ffbb\" data-element_type=\"container\" data-settings=\"{&quot;animation&quot;:&quot;fadeInLeft&quot;}\">\n\t\t\t\t<div class=\"elementor-element elementor-element-3a891e5a elementor-widget elementor-widget-heading\" data-id=\"3a891e5a\" data-element_type=\"widget\" data-widget_type=\"heading.default\">\n\t\t\t\t\t<h2 class=\"elementor-heading-title elementor-size-default\">Arturo Torres<\/h2>\t\t\t\t<\/div>\n\t\t\t\t<div class=\"elementor-element elementor-element-46de74dd elementor-widget elementor-widget-heading\" data-id=\"46de74dd\" data-element_type=\"widget\" data-widget_type=\"heading.default\">\n\t\t\t\t\t<h1 class=\"elementor-heading-title elementor-size-default\">Coaching<\/h1>\t\t\t\t<\/div>\n\t\t\t\t<div class=\"elementor-element elementor-element-6e632cc9 elementor-mobile-align-center elementor-widget elementor-widget-button\" data-id=\"6e632cc9\" data-element_type=\"widget\" data-widget_type=\"button.default\">\n\t\t\t\t\t\t\t\t\t\t<a class=\"elementor-button elementor-button-link elementor-size-sm\" href=\"https:\/\/api.whatsapp.com\/send\/?phone=573203046902&#038;text=Hola+%2AArturo+Torres%2A.+Necesito+m%C3%A1s+informaci%C3%B3n+sobre+Arturo+Torres+https%3A%2F%2Farturotorresmoreno.com%2F&#038;type=phone_number&#038;app_absent=0\">\n\t\t\t\t\t\t<span class=\"elementor-button-content-wrapper\">\n\t\t\t\t\t\t\t\t\t<span class=\"elementor-button-text\">Cont\u00e1ctame! <\/span>\n\t\t\t\t\t<\/span>\n\t\t\t\t\t<\/a>\n\t\t\t\t\t\t\t\t<\/div>\n\t\t\t\t<\/div>\n\t\t<div class=\"elementor-element elementor-element-50c27de1 e-con-full e-flex e-con e-child\" data-id=\"50c27de1\" data-element_type=\"container\">\n\t\t\t\t<div class=\"elementor-element elementor-element-6e024f6b elementor-invisible elementor-widget elementor-widget-image\" data-id=\"6e024f6b\" data-element_type=\"widget\" data-settings=\"{&quot;_animation&quot;:&quot;fadeInUp&quot;}\" data-widget_type=\"image.default\">\n\t\t\t\t\t\t\t\t\t\t\t\t\t\t\t<img fetchpriority=\"high\" decoding=\"async\" width=\"768\" height=\"1024\" src=\"https:\/\/arturotorresmoreno.com\/wp-content\/uploads\/2025\/10\/8b9f1542-6f83-49d7-ba12-5be1d9c09ddf-768x1024.jpeg\" class=\"attachment-large size-large wp-image-137\" alt=\"\" srcset=\"https:\/\/arturotorresmoreno.com\/wp-content\/uploads\/2025\/10\/8b9f1542-6f83-49d7-ba12-5be1d9c09ddf-768x1024.jpeg 768w, https:\/\/arturotorresmoreno.com\/wp-content\/uploads\/2025\/10\/8b9f1542-6f83-49d7-ba12-5be1d9c09ddf-225x300.jpeg 225w, https:\/\/arturotorresmoreno.com\/wp-content\/uploads\/2025\/10\/8b9f1542-6f83-49d7-ba12-5be1d9c09ddf.jpeg 960w\" sizes=\"(max-width: 768px) 100vw, 768px\" \/>\t\t\t\t\t\t\t\t\t\t\t\t\t\t\t<\/div>\n\t\t\t\t<\/div>\n\t\t\t\t\t<\/div>\n\t\t\t\t<\/div>\n\t\t\t\t<div class=\"elementor-element elementor-element-706e0bb2 elementor-invisible elementor-widget elementor-widget-heading\" data-id=\"706e0bb2\" data-element_type=\"widget\" data-settings=\"{&quot;_animation&quot;:&quot;zoomIn&quot;}\" data-widget_type=\"heading.default\">\n\t\t\t\t\t<h2 class=\"elementor-heading-title elementor-size-default\">\ud83d\udc4b Tu Historia es tu Activo M\u00e1s Poderoso. Yo te Ayudo a Escribirlas<\/h2>\t\t\t\t<\/div>\n\t\t\t\t\t<\/div>\n\t\t\t\t<\/div>\n\t\t<div class=\"elementor-element elementor-element-39b548aa e-flex e-con-boxed e-con e-parent\" data-id=\"39b548aa\" data-element_type=\"container\" data-settings=\"{&quot;background_background&quot;:&quot;classic&quot;}\">\n\t\t\t\t\t<div class=\"e-con-inner\">\n\t\t<div class=\"elementor-element elementor-element-325c21f7 e-flex e-con-boxed e-con e-child\" data-id=\"325c21f7\" data-element_type=\"container\">\n\t\t\t\t\t<div class=\"e-con-inner\">\n\t\t\t\t<div class=\"elementor-element elementor-element-5fb3d2bf elementor-invisible elementor-widget elementor-widget-image\" data-id=\"5fb3d2bf\" data-element_type=\"widget\" data-settings=\"{&quot;_animation&quot;:&quot;slideInUp&quot;}\" data-widget_type=\"image.default\">\n\t\t\t\t\t\t\t\t\t\t\t\t\t\t\t<img decoding=\"async\" width=\"768\" height=\"1024\" src=\"https:\/\/arturotorresmoreno.com\/wp-content\/uploads\/2025\/10\/6e01b91e-f852-4874-98b8-9b993f1bcadd-768x1024.jpeg\" class=\"attachment-large size-large wp-image-135\" alt=\"\" srcset=\"https:\/\/arturotorresmoreno.com\/wp-content\/uploads\/2025\/10\/6e01b91e-f852-4874-98b8-9b993f1bcadd-768x1024.jpeg 768w, https:\/\/arturotorresmoreno.com\/wp-content\/uploads\/2025\/10\/6e01b91e-f852-4874-98b8-9b993f1bcadd-225x300.jpeg 225w, https:\/\/arturotorresmoreno.com\/wp-content\/uploads\/2025\/10\/6e01b91e-f852-4874-98b8-9b993f1bcadd.jpeg 960w\" sizes=\"(max-width: 768px) 100vw, 768px\" \/>\t\t\t\t\t\t\t\t\t\t\t\t\t\t\t<\/div>\n\t\t\t\t<div class=\"elementor-element elementor-element-7b666680 elementor-widget__width-initial elementor-widget-tablet__width-initial elementor-invisible elementor-widget elementor-widget-heading\" data-id=\"7b666680\" data-element_type=\"widget\" data-settings=\"{&quot;_animation&quot;:&quot;fadeInLeft&quot;}\" data-widget_type=\"heading.default\">\n\t\t\t\t\t<h2 class=\"elementor-heading-title elementor-size-default\">No solo escribo libros, construyo puentes entre las ideas y las personas.<\/h2>\t\t\t\t<\/div>\n\t\t\t\t<div class=\"elementor-element elementor-element-7f155730 elementor-mobile-align-center elementor-invisible elementor-widget elementor-widget-button\" data-id=\"7f155730\" data-element_type=\"widget\" data-settings=\"{&quot;_animation&quot;:&quot;fadeInUp&quot;}\" data-widget_type=\"button.default\">\n\t\t\t\t\t\t\t\t\t\t<a class=\"elementor-button elementor-button-link elementor-size-sm\" href=\"https:\/\/api.whatsapp.com\/send\/?phone=573203046902&#038;text=Hola+%2AArturo+Torres%2A.+Necesito+m%C3%A1s+informaci%C3%B3n+sobre+Arturo+Torres+https%3A%2F%2Farturotorresmoreno.com%2F&#038;type=phone_number&#038;app_absent=0\">\n\t\t\t\t\t\t<span class=\"elementor-button-content-wrapper\">\n\t\t\t\t\t\t\t\t\t<span class=\"elementor-button-text\">WhatsApp<\/span>\n\t\t\t\t\t<\/span>\n\t\t\t\t\t<\/a>\n\t\t\t\t\t\t\t\t<\/div>\n\t\t\t\t\t<\/div>\n\t\t\t\t<\/div>\n\t\t<div class=\"elementor-element elementor-element-2e2abb20 e-flex e-con-boxed e-con e-child\" data-id=\"2e2abb20\" data-element_type=\"container\">\n\t\t\t\t\t<div class=\"e-con-inner\">\n\t\t<div class=\"elementor-element elementor-element-6cce7f95 e-flex e-con-boxed e-con e-child\" data-id=\"6cce7f95\" data-element_type=\"container\">\n\t\t\t\t\t<div class=\"e-con-inner\">\n\t\t\t\t<div class=\"elementor-element elementor-element-1d2e394e elementor-invisible elementor-widget elementor-widget-image\" data-id=\"1d2e394e\" data-element_type=\"widget\" data-settings=\"{&quot;_animation&quot;:&quot;zoomIn&quot;}\" data-widget_type=\"image.default\">\n\t\t\t\t\t\t\t\t\t\t\t\t\t\t\t<img decoding=\"async\" width=\"101\" height=\"102\" src=\"https:\/\/arturotorresmoreno.com\/wp-content\/uploads\/2025\/10\/Vector-12.png\" class=\"attachment-large size-large wp-image-78\" alt=\"\" \/>\t\t\t\t\t\t\t\t\t\t\t\t\t\t\t<\/div>\n\t\t\t\t\t<\/div>\n\t\t\t\t<\/div>\n\t\t<div class=\"elementor-element elementor-element-56cbc460 e-flex e-con-boxed e-con e-child\" data-id=\"56cbc460\" data-element_type=\"container\">\n\t\t\t\t\t<div class=\"e-con-inner\">\n\t\t\t\t<div class=\"elementor-element elementor-element-37296646 elementor-invisible elementor-widget elementor-widget-image\" data-id=\"37296646\" data-element_type=\"widget\" data-settings=\"{&quot;_animation&quot;:&quot;zoomIn&quot;}\" data-widget_type=\"image.default\">\n\t\t\t\t\t\t\t\t\t\t\t\t\t\t\t<img loading=\"lazy\" decoding=\"async\" width=\"107\" height=\"107\" src=\"https:\/\/arturotorresmoreno.com\/wp-content\/uploads\/2025\/10\/Vector-13.png\" class=\"attachment-large size-large wp-image-79\" alt=\"\" \/>\t\t\t\t\t\t\t\t\t\t\t\t\t\t\t<\/div>\n\t\t\t\t\t<\/div>\n\t\t\t\t<\/div>\n\t\t\t\t<div class=\"elementor-element elementor-element-20ea0b9c elementor-invisible elementor-widget elementor-widget-text-editor\" data-id=\"20ea0b9c\" data-element_type=\"widget\" data-settings=\"{&quot;_animation&quot;:&quot;fadeInUp&quot;}\" data-widget_type=\"text-editor.default\">\n\t\t\t\t\t\t\t\t\t<ol start=\"1\"><li><p class=\"ds-markdown-paragraph\"><strong>El Origen:<\/strong>\u00a0\u00bfQu\u00e9 te llev\u00f3 a la escritura? (Ej: \u00abTodo comenz\u00f3 con una libreta y una obsesi\u00f3n por entender a las personas&#8230;\u00bb).<\/p><\/li><li><p class=\"ds-markdown-paragraph\"><strong>El Punto de Inflexi\u00f3n:<\/strong>\u00a0\u00bfC\u00f3mo descubriste el poder del storytelling en los negocios? (Ej: \u00abMe di cuenta de que las empresas con las mejores historias no solo venden m\u00e1s, sino que inspiran\u00bb).<\/p><\/li><li><p class=\"ds-markdown-paragraph\"><strong>La Misi\u00f3n Actual:<\/strong>\u00a0Aqu\u00ed introduces tus credenciales de forma natural. \u00abHoy, con m\u00e1s de 30 libros publicados, he dedicado mi carrera a&#8230;\u00bb<\/p><\/li><\/ol>\t\t\t\t\t\t\t\t<\/div>\n\t\t\t\t\t<\/div>\n\t\t\t\t<\/div>\n\t\t\t\t\t<\/div>\n\t\t\t\t<\/div>\n\t\t<div class=\"elementor-element elementor-element-3a3da515 e-flex e-con-boxed e-con e-parent\" data-id=\"3a3da515\" data-element_type=\"container\" data-settings=\"{&quot;background_background&quot;:&quot;classic&quot;,&quot;shape_divider_bottom&quot;:&quot;curve&quot;,&quot;shape_divider_bottom_negative&quot;:&quot;yes&quot;}\">\n\t\t\t\t\t<div class=\"e-con-inner\">\n\t\t\t\t<div class=\"elementor-shape elementor-shape-bottom\" aria-hidden=\"true\" data-negative=\"true\">\n\t\t\t<svg xmlns=\"http:\/\/www.w3.org\/2000\/svg\" viewBox=\"0 0 1000 100\" preserveAspectRatio=\"none\">\n\t<path class=\"elementor-shape-fill\" d=\"M500,97C126.7,96.3,0.8,19.8,0,0v100l1000,0V1C1000,19.4,873.3,97.8,500,97z\"\/>\n<\/svg>\t\t<\/div>\n\t\t\t\t<div class=\"elementor-element elementor-element-639b3fee elementor-invisible elementor-widget elementor-widget-heading\" data-id=\"639b3fee\" data-element_type=\"widget\" data-settings=\"{&quot;_animation&quot;:&quot;fadeInDown&quot;}\" data-widget_type=\"heading.default\">\n\t\t\t\t\t<h2 class=\"elementor-heading-title elementor-size-default\">Logros y Credenciales<\/h2>\t\t\t\t<\/div>\n\t\t\t\t<div class=\"elementor-element elementor-element-5afd26c elementor-align-center elementor-invisible elementor-widget elementor-widget-button\" data-id=\"5afd26c\" data-element_type=\"widget\" data-settings=\"{&quot;_animation&quot;:&quot;fadeInUp&quot;}\" data-widget_type=\"button.default\">\n\t\t\t\t\t\t\t\t\t\t<a class=\"elementor-button elementor-button-link elementor-size-sm\" href=\"#\">\n\t\t\t\t\t\t<span class=\"elementor-button-content-wrapper\">\n\t\t\t\t\t\t\t\t\t<span class=\"elementor-button-text\">Cont\u00e1ctenos<\/span>\n\t\t\t\t\t<\/span>\n\t\t\t\t\t<\/a>\n\t\t\t\t\t\t\t\t<\/div>\n\t\t<div class=\"elementor-element elementor-element-23cc97b9 e-flex e-con-boxed e-con e-child\" data-id=\"23cc97b9\" data-element_type=\"container\">\n\t\t\t\t\t<div class=\"e-con-inner\">\n\t\t<div class=\"elementor-element elementor-element-2956b92c e-flex e-con-boxed elementor-invisible e-con e-child\" data-id=\"2956b92c\" data-element_type=\"container\" data-settings=\"{&quot;animation&quot;:&quot;fadeInLeft&quot;}\">\n\t\t\t\t\t<div class=\"e-con-inner\">\n\t\t\t\t<div class=\"elementor-element elementor-element-14f903f2 elementor-position-top elementor-widget elementor-widget-image-box\" data-id=\"14f903f2\" data-element_type=\"widget\" data-widget_type=\"image-box.default\">\n\t\t\t\t\t<div class=\"elementor-image-box-wrapper\"><figure class=\"elementor-image-box-img\"><img loading=\"lazy\" decoding=\"async\" width=\"120\" height=\"120\" src=\"https:\/\/arturotorresmoreno.com\/wp-content\/uploads\/2025\/10\/Image-Icon-Service-3.png\" class=\"attachment-full size-full wp-image-60\" alt=\"\" \/><\/figure><div class=\"elementor-image-box-content\"><h3 class=\"elementor-image-box-title\">Escritor de m\u00e1s de 30 libros<\/h3><p class=\"elementor-image-box-description\">  La escritura no es solo mi pasi\u00f3n, es mi oficio.<\/p><\/div><\/div>\t\t\t\t<\/div>\n\t\t\t\t\t<\/div>\n\t\t\t\t<\/div>\n\t\t<div class=\"elementor-element elementor-element-b862343 e-flex e-con-boxed elementor-invisible e-con e-child\" data-id=\"b862343\" data-element_type=\"container\" data-settings=\"{&quot;animation&quot;:&quot;fadeInUp&quot;}\">\n\t\t\t\t\t<div class=\"e-con-inner\">\n\t\t\t\t<div class=\"elementor-element elementor-element-5c09aff elementor-position-top elementor-widget elementor-widget-image-box\" data-id=\"5c09aff\" data-element_type=\"widget\" data-widget_type=\"image-box.default\">\n\t\t\t\t\t<div class=\"elementor-image-box-wrapper\"><figure class=\"elementor-image-box-img\"><img loading=\"lazy\" decoding=\"async\" width=\"120\" height=\"120\" src=\"https:\/\/arturotorresmoreno.com\/wp-content\/uploads\/2025\/10\/Image-Icon-Service-5.png\" class=\"attachment-full size-full wp-image-63\" alt=\"\" \/><\/figure><div class=\"elementor-image-box-content\"><h3 class=\"elementor-image-box-title\">Experto en Business Storytelling<\/h3><p class=\"elementor-image-box-description\">Transformo datos en relatos y marcas en leyendas.<\/p><\/div><\/div>\t\t\t\t<\/div>\n\t\t\t\t\t<\/div>\n\t\t\t\t<\/div>\n\t\t<div class=\"elementor-element elementor-element-74d3ac1f e-flex e-con-boxed elementor-invisible e-con e-child\" data-id=\"74d3ac1f\" data-element_type=\"container\" data-settings=\"{&quot;animation&quot;:&quot;fadeInRight&quot;}\">\n\t\t\t\t\t<div class=\"e-con-inner\">\n\t\t\t\t<div class=\"elementor-element elementor-element-8bdc925 elementor-position-top elementor-widget elementor-widget-image-box\" data-id=\"8bdc925\" data-element_type=\"widget\" data-widget_type=\"image-box.default\">\n\t\t\t\t\t<div class=\"elementor-image-box-wrapper\"><figure class=\"elementor-image-box-img\"><img loading=\"lazy\" decoding=\"async\" width=\"120\" height=\"120\" src=\"https:\/\/arturotorresmoreno.com\/wp-content\/uploads\/2025\/10\/Image-Icon-Service-1.png\" class=\"attachment-full size-full wp-image-65\" alt=\"\" \/><\/figure><div class=\"elementor-image-box-content\"><h3 class=\"elementor-image-box-title\">Coach de escritura y edici\u00f3n<\/h3><p class=\"elementor-image-box-description\">Convierto manuscritos en libros y escritores en autores.<\/p><\/div><\/div>\t\t\t\t<\/div>\n\t\t\t\t\t<\/div>\n\t\t\t\t<\/div>\n\t\t\t\t\t<\/div>\n\t\t\t\t<\/div>\n\t\t\t\t<div class=\"elementor-element elementor-element-2eccb2a8 elementor-hidden-mobile elementor-invisible elementor-widget elementor-widget-image\" data-id=\"2eccb2a8\" data-element_type=\"widget\" data-settings=\"{&quot;_animation&quot;:&quot;fadeInUp&quot;}\" data-widget_type=\"image.default\">\n\t\t\t\t\t\t\t\t\t\t\t\t\t\t\t<img loading=\"lazy\" decoding=\"async\" width=\"768\" height=\"1024\" src=\"https:\/\/arturotorresmoreno.com\/wp-content\/uploads\/2025\/10\/c00a81ec-ca97-483e-b72e-e4316c2818a5-768x1024.jpeg\" class=\"attachment-large size-large wp-image-136\" alt=\"\" srcset=\"https:\/\/arturotorresmoreno.com\/wp-content\/uploads\/2025\/10\/c00a81ec-ca97-483e-b72e-e4316c2818a5-768x1024.jpeg 768w, https:\/\/arturotorresmoreno.com\/wp-content\/uploads\/2025\/10\/c00a81ec-ca97-483e-b72e-e4316c2818a5-225x300.jpeg 225w, https:\/\/arturotorresmoreno.com\/wp-content\/uploads\/2025\/10\/c00a81ec-ca97-483e-b72e-e4316c2818a5.jpeg 960w\" sizes=\"(max-width: 768px) 100vw, 768px\" \/>\t\t\t\t\t\t\t\t\t\t\t\t\t\t\t<\/div>\n\t\t\t\t\t<\/div>\n\t\t\t\t<\/div>\n\t\t<div class=\"elementor-element elementor-element-7eb95207 e-flex e-con-boxed e-con e-parent\" data-id=\"7eb95207\" data-element_type=\"container\" data-settings=\"{&quot;background_background&quot;:&quot;classic&quot;}\">\n\t\t\t\t\t<div class=\"e-con-inner\">\n\t\t<div class=\"elementor-element elementor-element-283471b e-con-full e-flex e-con e-child\" data-id=\"283471b\" data-element_type=\"container\" data-settings=\"{&quot;background_background&quot;:&quot;classic&quot;}\">\n\t\t\t\t<div class=\"elementor-element elementor-element-433494cc elementor-invisible elementor-widget elementor-widget-heading\" data-id=\"433494cc\" data-element_type=\"widget\" data-settings=\"{&quot;_animation&quot;:&quot;fadeInDown&quot;}\" data-widget_type=\"heading.default\">\n\t\t\t\t\t<h2 class=\"elementor-heading-title elementor-size-default\">Las historias cambian vidas cuando son contadas<\/h2>\t\t\t\t<\/div>\n\t\t\t\t<div class=\"elementor-element elementor-element-29819a8 elementor-widget elementor-widget-text-editor\" data-id=\"29819a8\" data-element_type=\"widget\" data-widget_type=\"text-editor.default\">\n\t\t\t\t\t\t\t\t\t<p class=\"ds-markdown-paragraph\">Una idea guardada en la mente es un potencial sin explotar. Una emoci\u00f3n reprimida en el coraz\u00f3n es un susurro sin eco. Un libro in\u00e9dito es un mundo esperando a nacer.<\/p><p class=\"ds-markdown-paragraph\"><strong>Las historias tienen un poder inherente<\/strong>, pero ese poder permanece dormido, latente, hasta que encuentra la forma correcta de ser expresado.\u00a0<strong>Cuando son contadas<\/strong>, las historias realizan la magia:<\/p><ul><li><p class=\"ds-markdown-paragraph\"><strong>Cierran brechas:<\/strong>\u00a0Una met\u00e1fora perfecta puede tender un puente entre un l\u00edder y su equipo, entre una marca y su cliente.<\/p><\/li><li><p class=\"ds-markdown-paragraph\"><strong>Sanan heridas:<\/strong>\u00a0Darle palabras a una experiencia dif\u00edcil es el primer paso para transformarla en aprendizaje y resiliencia.<\/p><\/li><li><p class=\"ds-markdown-paragraph\"><strong>Inspiran acci\u00f3n:<\/strong>\u00a0La narrativa correcta puede ser el impulso que alguien necesita para dar el primer paso hacia su sue\u00f1o.<\/p><\/li><li><p class=\"ds-markdown-paragraph\"><strong>Construyen legados:<\/strong>\u00a0Tu historia, la de tu empresa o la de tu familia, se convierte en el faro que gu\u00eda a las generaciones futuras.<\/p><\/li><\/ul><p class=\"ds-markdown-paragraph\">Pero contar no es solo narrar eventos. Es\u00a0<strong>estructurar, emocionar y conectar<\/strong>. Es el arte de pulir la crudeza de la vida hasta convertirla en un mensaje claro, conmovedor y persuasivo.<\/p><p class=\"ds-markdown-paragraph\"><strong>Mi misi\u00f3n es ser el catalizador de ese cambio.<\/strong><\/p><p class=\"ds-markdown-paragraph\">Ya sea a trav\u00e9s del\u00a0<strong>Business Storytelling<\/strong>, dando forma a la narrativa que impulsar\u00e1 tu marca; o mediante el\u00a0<strong>Coaching de escritura<\/strong>, gui\u00e1ndote para que des vida al libro que llevas dentro; mi trabajo es asegurarme de que tu historia no solo sea contada, sino que sea\u00a0<strong>escuchada, sentida y recordada.<\/strong><\/p><p class=\"ds-markdown-paragraph\">Porque al final, no somos m\u00e1s que la colecci\u00f3n de historias que creemos, las que contamos y las que tenemos el valor de vivir.<\/p>\t\t\t\t\t\t\t\t<\/div>\n\t\t\t\t<div class=\"elementor-element elementor-element-5a281bcf elementor-hidden-tablet elementor-invisible elementor-widget elementor-widget-image\" data-id=\"5a281bcf\" data-element_type=\"widget\" data-settings=\"{&quot;_animation&quot;:&quot;fadeInUp&quot;}\" data-widget_type=\"image.default\">\n\t\t\t\t\t\t\t\t\t\t\t\t\t\t\t<img loading=\"lazy\" decoding=\"async\" width=\"606\" height=\"340\" src=\"https:\/\/arturotorresmoreno.com\/wp-content\/uploads\/2025\/10\/Why-Choose-Me-Image-1.png\" class=\"attachment-large size-large wp-image-92\" alt=\"\" srcset=\"https:\/\/arturotorresmoreno.com\/wp-content\/uploads\/2025\/10\/Why-Choose-Me-Image-1.png 606w, https:\/\/arturotorresmoreno.com\/wp-content\/uploads\/2025\/10\/Why-Choose-Me-Image-1-300x168.png 300w\" sizes=\"(max-width: 606px) 100vw, 606px\" \/>\t\t\t\t\t\t\t\t\t\t\t\t\t\t\t<\/div>\n\t\t\t\t<\/div>\n\t\t\t\t\t<\/div>\n\t\t\t\t<\/div>\n\t\t\t\t<\/div>\n\t\t\n    <div class=\"xs_social_share_widget xs_share_url after_content \t\tmain_content  wslu-style-1 wslu-share-box-shaped wslu-fill-colored wslu-none wslu-share-horizontal wslu-theme-font-no wslu-main_content\">\n\n\t\t\n        <ul>\n\t\t\t        <\/ul>\n    <\/div> \n","protected":false},"excerpt":{"rendered":"<p>Arturo Torres Coaching Cont\u00e1ctame! \ud83d\udc4b Tu Historia es tu Activo M\u00e1s Poderoso. Yo te Ayudo a Escribirlas No solo escribo [&hellip;]<\/p>\n","protected":false},"author":1,"featured_media":0,"parent":0,"menu_order":0,"comment_status":"closed","ping_status":"closed","template":"elementor_header_footer","meta":{"postBodyCss":"","postBodyMargin":[],"postBodyPadding":[],"postBodyBackground":{"backgroundType":"classic","gradient":""},"site-sidebar-layout":"no-sidebar","site-content-layout":"","ast-site-content-layout":"full-width-container","site-content-style":"default","site-sidebar-style":"default","ast-global-header-display":"","ast-banner-title-visibility":"","ast-main-header-display":"","ast-hfb-above-header-display":"","ast-hfb-below-header-display":"","ast-hfb-mobile-header-display":"","site-post-title":"","ast-breadcrumbs-content":"","ast-featured-img":"disabled","footer-sml-layout":"","theme-transparent-header-meta":"default","adv-header-id-meta":"","stick-header-meta":"","header-above-stick-meta":"","header-main-stick-meta":"","header-below-stick-meta":"","astra-migrate-meta-layouts":"set","ast-page-background-enabled":"default","ast-page-background-meta":{"desktop":{"background-color":"var(--ast-global-color-5)","background-image":"","background-repeat":"repeat","background-position":"center center","background-size":"auto","background-attachment":"scroll","background-type":"","background-media":"","overlay-type":"","overlay-color":"","overlay-opacity":"","overlay-gradient":""},"tablet":{"background-color":"","background-image":"","background-repeat":"repeat","background-position":"center center","background-size":"auto","background-attachment":"scroll","background-type":"","background-media":"","overlay-type":"","overlay-color":"","overlay-opacity":"","overlay-gradient":""},"mobile":{"background-color":"","background-image":"","background-repeat":"repeat","background-position":"center center","background-size":"auto","background-attachment":"scroll","background-type":"","background-media":"","overlay-type":"","overlay-color":"","overlay-opacity":"","overlay-gradient":""}},"ast-content-background-meta":{"desktop":{"background-color":"var(--ast-global-color-4)","background-image":"","background-repeat":"repeat","background-position":"center center","background-size":"auto","background-attachment":"scroll","background-type":"","background-media":"","overlay-type":"","overlay-color":"","overlay-opacity":"","overlay-gradient":""},"tablet":{"background-color":"var(--ast-global-color-4)","background-image":"","background-repeat":"repeat","background-position":"center center","background-size":"auto","background-attachment":"scroll","background-type":"","background-media":"","overlay-type":"","overlay-color":"","overlay-opacity":"","overlay-gradient":""},"mobile":{"background-color":"var(--ast-global-color-4)","background-image":"","background-repeat":"repeat","background-position":"center center","background-size":"auto","background-attachment":"scroll","background-type":"","background-media":"","overlay-type":"","overlay-color":"","overlay-opacity":"","overlay-gradient":""}},"_joinchat":[],"footnotes":""},"class_list":["post-7","page","type-page","status-publish","hentry"],"_links":{"self":[{"href":"https:\/\/arturotorresmoreno.com\/index.php\/wp-json\/wp\/v2\/pages\/7","targetHints":{"allow":["GET"]}}],"collection":[{"href":"https:\/\/arturotorresmoreno.com\/index.php\/wp-json\/wp\/v2\/pages"}],"about":[{"href":"https:\/\/arturotorresmoreno.com\/index.php\/wp-json\/wp\/v2\/types\/page"}],"author":[{"embeddable":true,"href":"https:\/\/arturotorresmoreno.com\/index.php\/wp-json\/wp\/v2\/users\/1"}],"replies":[{"embeddable":true,"href":"https:\/\/arturotorresmoreno.com\/index.php\/wp-json\/wp\/v2\/comments?post=7"}],"version-history":[{"count":52,"href":"https:\/\/arturotorresmoreno.com\/index.php\/wp-json\/wp\/v2\/pages\/7\/revisions"}],"predecessor-version":[{"id":209,"href":"https:\/\/arturotorresmoreno.com\/index.php\/wp-json\/wp\/v2\/pages\/7\/revisions\/209"}],"wp:attachment":[{"href":"https:\/\/arturotorresmoreno.com\/index.php\/wp-json\/wp\/v2\/media?parent=7"}],"curies":[{"name":"wp","href":"https:\/\/api.w.org\/{rel}","templated":true}]}}